{"id":1834,"date":"2021-01-27T14:46:48","date_gmt":"2021-01-27T14:46:48","guid":{"rendered":"https:\/\/www.oknadverelacno.sk\/katalog\/szunyoghalokeret-ablakra-42cm-x-42cm-arany-tolgy"},"modified":"2021-01-27T14:46:48","modified_gmt":"2021-01-27T14:46:48","slug":"szunyoghalokeret-ablakra-42cm-x-42cm-arany-tolgy","status":"publish","type":"product","link":"https:\/\/www.oknadverelacno.sk\/hu\/katalog\/szunyoghalokeret-ablakra-42cm-x-42cm-arany-tolgy","title":{"rendered":"Sz\u00fanyogh\u00e1l\u00f3keret ablakra  42cm x 42cm arany t\u00f6lgy"},"content":{"rendered":"<ul>\n<li>Az \u00e1rak tartalmazz\u00e1k az \u00c1FA-t<\/li>\n<li>Re\u00e1lis term\u00e9kfot\u00f3k<\/li>\n<li><span lang=\"hu\">Egyszer\u0171 telep\u00edt\u00e9s<\/span><\/li>\n<\/ul>\n","protected":false},"excerpt":{"rendered":"<p><span lang=\"hu\">A sz\u00fanyogh\u00e1l\u00f3kat k\u00f6zvetlen\u00fcl az \u00fcgyfelek ig\u00e9nyeinek megfelel\u0151 m\u00e9r\u00e9sre k\u00e9sz\u00edtik.K\u00e9sz h\u00e1l\u00f3kat is k\u00edn\u00e1lunk. Egyszer\u0171 telep\u00edt\u00e9s.<\/span><\/p>\n","protected":false},"featured_media":1634,"template":"","meta":{"_et_pb_use_builder":"","_et_pb_old_content":"","_et_gb_content_width":""},"product_brand":[],"product_cat":[79,83],"product_tag":[193,310],"class_list":{"0":"post-1834","1":"product","2":"type-product","3":"status-publish","4":"has-post-thumbnail","6":"product_cat-kiegeszitok","7":"product_cat-szunyoghalok","8":"product_tag-arany-tolgy","9":"product_tag-szunyoghalo-hu","11":"first","12":"instock","13":"shipping-taxable","14":"purchasable","15":"product-type-simple"},"_links":{"self":[{"href":"https:\/\/www.oknadverelacno.sk\/hu\/wp-json\/wp\/v2\/product\/1834","targetHints":{"allow":["GET"]}}],"collection":[{"href":"https:\/\/www.oknadverelacno.sk\/hu\/wp-json\/wp\/v2\/product"}],"about":[{"href":"https:\/\/www.oknadverelacno.sk\/hu\/wp-json\/wp\/v2\/types\/product"}],"wp:featuredmedia":[{"embeddable":true,"href":"https:\/\/www.oknadverelacno.sk\/hu\/wp-json\/wp\/v2\/media\/1634"}],"wp:attachment":[{"href":"https:\/\/www.oknadverelacno.sk\/hu\/wp-json\/wp\/v2\/media?parent=1834"}],"wp:term":[{"taxonomy":"product_brand","embeddable":true,"href":"https:\/\/www.oknadverelacno.sk\/hu\/wp-json\/wp\/v2\/product_brand?post=1834"},{"taxonomy":"product_cat","embeddable":true,"href":"https:\/\/www.oknadverelacno.sk\/hu\/wp-json\/wp\/v2\/product_cat?post=1834"},{"taxonomy":"product_tag","embeddable":true,"href":"https:\/\/www.oknadverelacno.sk\/hu\/wp-json\/wp\/v2\/product_tag?post=1834"}],"curies":[{"name":"wp","href":"https:\/\/api.w.org\/{rel}","templated":true}]}}