{"id":1833,"date":"2021-01-27T14:41:54","date_gmt":"2021-01-27T14:41:54","guid":{"rendered":"https:\/\/www.oknadverelacno.sk\/katalog\/muanyag-parkany-vegzaro-barna"},"modified":"2021-01-27T14:41:54","modified_gmt":"2021-01-27T14:41:54","slug":"muanyag-parkany-vegzaro-barna","status":"publish","type":"product","link":"https:\/\/www.oknadverelacno.sk\/hu\/katalog\/muanyag-parkany-vegzaro-barna","title":{"rendered":"M\u0171anyag p\u00e1rk\u00e1ny v\u00e9gz\u00e1r\u00f3 barna"},"content":{"rendered":"<ul>\n<li>Az \u00e1rak tartalmazz\u00e1k az \u00c1FA-t.\/p\u00e1r<\/li>\n<\/ul>\n","protected":false},"excerpt":{"rendered":"<p>Barna oldals\u00f3 m\u0171anyag v\u00e9gz\u00e1r\u00f3k k\u00fcls\u0151 \u00e9s bels\u0151 m\u0171anyag ablakp\u00e1rk\u00e1nyokhoz. <span lang=\"hu\">Az \u00e1r egy p\u00e1rra vonatkozik.<\/span><\/p>\n","protected":false},"featured_media":1378,"template":"","meta":{"_et_pb_use_builder":"","_et_pb_old_content":"","_et_gb_content_width":""},"product_brand":[],"product_cat":[79,82],"product_tag":[200,358,205,202],"class_list":{"0":"post-1833","1":"product","2":"type-product","3":"status-publish","4":"has-post-thumbnail","6":"product_cat-kiegeszitok","7":"product_cat-parkany-kulso","8":"product_tag-ablakparkany","9":"product_tag-barna-hu","10":"product_tag-kulso","11":"product_tag-vegzaro-hu","13":"first","14":"instock","15":"shipping-taxable","16":"purchasable","17":"product-type-simple"},"_links":{"self":[{"href":"https:\/\/www.oknadverelacno.sk\/hu\/wp-json\/wp\/v2\/product\/1833","targetHints":{"allow":["GET"]}}],"collection":[{"href":"https:\/\/www.oknadverelacno.sk\/hu\/wp-json\/wp\/v2\/product"}],"about":[{"href":"https:\/\/www.oknadverelacno.sk\/hu\/wp-json\/wp\/v2\/types\/product"}],"wp:featuredmedia":[{"embeddable":true,"href":"https:\/\/www.oknadverelacno.sk\/hu\/wp-json\/wp\/v2\/media\/1378"}],"wp:attachment":[{"href":"https:\/\/www.oknadverelacno.sk\/hu\/wp-json\/wp\/v2\/media?parent=1833"}],"wp:term":[{"taxonomy":"product_brand","embeddable":true,"href":"https:\/\/www.oknadverelacno.sk\/hu\/wp-json\/wp\/v2\/product_brand?post=1833"},{"taxonomy":"product_cat","embeddable":true,"href":"https:\/\/www.oknadverelacno.sk\/hu\/wp-json\/wp\/v2\/product_cat?post=1833"},{"taxonomy":"product_tag","embeddable":true,"href":"https:\/\/www.oknadverelacno.sk\/hu\/wp-json\/wp\/v2\/product_tag?post=1833"}],"curies":[{"name":"wp","href":"https:\/\/api.w.org\/{rel}","templated":true}]}}