{"id":1832,"date":"2021-01-27T14:31:25","date_gmt":"2021-01-27T14:31:25","guid":{"rendered":"https:\/\/www.oknadverelacno.sk\/katalog\/muanyag-ablakparkany-fefer-15-cm-2"},"modified":"2021-01-27T14:31:25","modified_gmt":"2021-01-27T14:31:25","slug":"muanyag-ablakparkany-fefer-15-cm-2","status":"publish","type":"product","link":"https:\/\/www.oknadverelacno.sk\/hu\/katalog\/muanyag-ablakparkany-fefer-15-cm-2","title":{"rendered":"M\u0171anyag ablakp\u00e1rk\u00e1ny fef\u00e9r 15 cm"},"content":{"rendered":"<ul>\n<li>M\u00e9retek cm-ben<\/li>\n<li>Az \u00e1rak tartalmazz\u00e1k az \u00c1FA-t\/fm<\/li>\n<li>Re\u00e1lis term\u00e9kfot\u00f3k<\/li>\n<\/ul>\n","protected":false},"excerpt":{"rendered":"<p>Az ablakp\u00e1rk\u00e1nyok PVC-b\u0151l k\u00e9sz\u00fclnek, ugyan\u00fagy, mint a m\u0171anyag ablakok vagy ajt\u00f3k.Az\u00a0UV-sug\u00e1rz\u00e1snak ellen\u00e1ll\u00f3k. Sokoldal\u00faan haszn\u00e1lhat\u00f3k \u00e9s egyszer\u0171en telep\u00edthet\u0151k.<\/p>\n<p>Param\u00e9terek:<\/p>\n<p>Sz\u00e9less\u00e9g: 15 cm<\/p>\n<p>Fel\u00fcletkezel\u00e9s: feh\u00e9r<\/p>\n","protected":false},"featured_media":900,"template":"","meta":{"_et_pb_use_builder":"","_et_pb_old_content":"","_et_gb_content_width":""},"product_brand":[],"product_cat":[82],"product_tag":[200,115,205],"class_list":{"0":"post-1832","1":"product","2":"type-product","3":"status-publish","4":"has-post-thumbnail","6":"product_cat-parkany-kulso","7":"product_tag-ablakparkany","8":"product_tag-feher","9":"product_tag-kulso","11":"first","12":"instock","13":"shipping-taxable","14":"purchasable","15":"product-type-simple"},"_links":{"self":[{"href":"https:\/\/www.oknadverelacno.sk\/hu\/wp-json\/wp\/v2\/product\/1832","targetHints":{"allow":["GET"]}}],"collection":[{"href":"https:\/\/www.oknadverelacno.sk\/hu\/wp-json\/wp\/v2\/product"}],"about":[{"href":"https:\/\/www.oknadverelacno.sk\/hu\/wp-json\/wp\/v2\/types\/product"}],"wp:featuredmedia":[{"embeddable":true,"href":"https:\/\/www.oknadverelacno.sk\/hu\/wp-json\/wp\/v2\/media\/900"}],"wp:attachment":[{"href":"https:\/\/www.oknadverelacno.sk\/hu\/wp-json\/wp\/v2\/media?parent=1832"}],"wp:term":[{"taxonomy":"product_brand","embeddable":true,"href":"https:\/\/www.oknadverelacno.sk\/hu\/wp-json\/wp\/v2\/product_brand?post=1832"},{"taxonomy":"product_cat","embeddable":true,"href":"https:\/\/www.oknadverelacno.sk\/hu\/wp-json\/wp\/v2\/product_cat?post=1832"},{"taxonomy":"product_tag","embeddable":true,"href":"https:\/\/www.oknadverelacno.sk\/hu\/wp-json\/wp\/v2\/product_tag?post=1832"}],"curies":[{"name":"wp","href":"https:\/\/api.w.org\/{rel}","templated":true}]}}