{"id":1811,"date":"2020-12-28T15:17:30","date_gmt":"2020-12-28T15:17:30","guid":{"rendered":"https:\/\/www.oknadverelacno.sk\/katalog\/erkelyajto-180-cm-x-205-cm"},"modified":"2020-12-28T15:17:30","modified_gmt":"2020-12-28T15:17:30","slug":"erkelyajto-180-cm-x-205-cm","status":"publish","type":"product","link":"https:\/\/www.oknadverelacno.sk\/hu\/katalog\/erkelyajto-180-cm-x-205-cm","title":{"rendered":"Erk\u00e9lyajt\u00f3 180 cm x 205 cm"},"content":{"rendered":"<ul>\n<li>M\u00e9retek sz\u00e9less\u00e9g\/magass\u00e1g<\/li>\n<li>M\u00e9retek cm-ben<\/li>\n<li>Az \u00e1rak tartalmazz\u00e1k az \u00c1FA-t.<\/li>\n<\/ul>\n","protected":false},"excerpt":{"rendered":"<p class=\"tw-data-text tw-text-large XcVN5d tw-ta\" dir=\"ltr\" data-placeholder=\"Preklad\"><span lang=\"hu\">Az \u00faj, feh\u00e9r, k\u00e9tsz\u00e1rny\u00fa erk\u00e9lyajt\u00f3k, amelyek m\u00e9retei 180 cm x 205 cm, k\u00f6zponti oszlop n\u00e9lk\u00fcl vannak. <\/span><span lang=\"hu\">A term\u00e9k \u00e1ra tartalmaz egy ablakfoganty\u00fat, bor\u00edt\u00f3kat \u00e9s p\u00e1rk\u00e1nyprofilt.<\/span><\/p>\n<ul>\n<li id=\"tw-target-text\" class=\"tw-data-text tw-text-large XcVN5d tw-ta\" dir=\"ltr\" data-placeholder=\"Preklad\"><span lang=\"hu\">Sz\u00e1rnyak sz\u00e1ma: k\u00e9tsz\u00e1rny\u00fa. <\/span><\/li>\n<li class=\"tw-data-text tw-text-large XcVN5d tw-ta\" dir=\"ltr\" data-placeholder=\"Preklad\"><span lang=\"hu\">Feh\u00e9r sz\u00edn .<\/span><\/li>\n<li class=\"tw-data-text tw-text-large XcVN5d tw-ta\" dir=\"ltr\" data-placeholder=\"Preklad\"><span lang=\"hu\"> Ny + B: nyit\u00e1s-billent\u00e9s.\u00a0 <\/span><\/li>\n<li class=\"tw-data-text tw-text-large XcVN5d tw-ta\" dir=\"ltr\" data-placeholder=\"Preklad\"><span lang=\"hu\">\u00dcvegez\u00e9s: tiszta dupla \u00fcvegez\u00e9s.\u00a0<\/span><\/li>\n<li class=\"tw-data-text tw-text-large XcVN5d tw-ta\" dir=\"ltr\" data-placeholder=\"Preklad\"><span lang=\"hu\"> Ablakprofil: WDS 70 ablakprofil.\u00a0<\/span><\/li>\n<li class=\"tw-data-text tw-text-large XcVN5d tw-ta\" dir=\"ltr\" data-placeholder=\"Preklad\"><span lang=\"hu\"> Szerelv\u00e9nyek: AXOR IPAR <\/span><\/li>\n<li class=\"tw-data-text tw-text-large XcVN5d tw-ta\" dir=\"ltr\" data-placeholder=\"Preklad\"><span lang=\"hu\">M\u00e9retek: sz\u00e9less\u00e9ge\u00a0 180 cm magass\u00e1ga 205 cm<\/span><\/li>\n<\/ul>\n","protected":false},"featured_media":1789,"template":"","meta":{"_et_pb_use_builder":"","_et_pb_old_content":"","_et_gb_content_width":""},"product_brand":[],"product_cat":[226,59],"product_tag":[115,123,235,146],"class_list":{"0":"post-1811","1":"product","2":"type-product","3":"status-publish","4":"has-post-thumbnail","6":"product_cat-uj-erkelyajtok-es-teraszajtok","7":"product_cat-uj-muanyag-teraszajto-erkelyajto-ketszarnyu","8":"product_tag-feher","9":"product_tag-ketszarnyu","10":"product_tag-teraszajto","11":"product_tag-uj","13":"first","14":"instock","15":"shipping-taxable","16":"purchasable","17":"product-type-simple"},"_links":{"self":[{"href":"https:\/\/www.oknadverelacno.sk\/hu\/wp-json\/wp\/v2\/product\/1811","targetHints":{"allow":["GET"]}}],"collection":[{"href":"https:\/\/www.oknadverelacno.sk\/hu\/wp-json\/wp\/v2\/product"}],"about":[{"href":"https:\/\/www.oknadverelacno.sk\/hu\/wp-json\/wp\/v2\/types\/product"}],"wp:featuredmedia":[{"embeddable":true,"href":"https:\/\/www.oknadverelacno.sk\/hu\/wp-json\/wp\/v2\/media\/1789"}],"wp:attachment":[{"href":"https:\/\/www.oknadverelacno.sk\/hu\/wp-json\/wp\/v2\/media?parent=1811"}],"wp:term":[{"taxonomy":"product_brand","embeddable":true,"href":"https:\/\/www.oknadverelacno.sk\/hu\/wp-json\/wp\/v2\/product_brand?post=1811"},{"taxonomy":"product_cat","embeddable":true,"href":"https:\/\/www.oknadverelacno.sk\/hu\/wp-json\/wp\/v2\/product_cat?post=1811"},{"taxonomy":"product_tag","embeddable":true,"href":"https:\/\/www.oknadverelacno.sk\/hu\/wp-json\/wp\/v2\/product_tag?post=1811"}],"curies":[{"name":"wp","href":"https:\/\/api.w.org\/{rel}","templated":true}]}}