{"id":1805,"date":"2020-12-28T13:58:32","date_gmt":"2020-12-28T13:58:32","guid":{"rendered":"https:\/\/www.oknadverelacno.sk\/katalog\/muanyag-bejarati-ajto-arany-tolgy-105-cm-x-209-cm-balos"},"modified":"2020-12-28T13:58:32","modified_gmt":"2020-12-28T13:58:32","slug":"muanyag-bejarati-ajto-arany-tolgy-105-cm-x-209-cm-balos","status":"publish","type":"product","link":"https:\/\/www.oknadverelacno.sk\/hu\/katalog\/muanyag-bejarati-ajto-arany-tolgy-105-cm-x-209-cm-balos","title":{"rendered":"M\u0171anyag bej\u00e1rati ajt\u00f3  arany t\u00f6lgy 105 cm x 209 cm balos"},"content":{"rendered":"<ul>\n<li>M\u00e9retek sz\u00e9less\u00e9g\/magass\u00e1g<\/li>\n<li>M\u00e9retek cm-ben<\/li>\n<li>Az \u00e1rak tartalmazz\u00e1k az \u00c1FA-t.<\/li>\n<\/ul>\n","protected":false},"excerpt":{"rendered":"<p>F\u00e9lig \u00fcvegezett egysz\u00e1rny\u00fa bej\u00e1rati ajt\u00f3 a k\u00fcls\u0151 ny\u00edl\u00e1shoz, balos, k\u00edv\u00fcl arany t\u00f6lgy, bel\u00fcl feh\u00e9r, 105 cm sz\u00e9les \u00e9s 209 cm magas m\u00e9retekkel, alum\u00ednium k\u00fcsz\u00f6bbel, 5 pontos reteszel\u00e9ssel \u00e9s 4 darab 3D ajt\u00f3p\u00e1ntta. A term\u00e9k \u00e1ra tartalmaz egy foganty\u00fat, egy z\u00e1rat 3 kulccsal. Az ablakok szigetel\u0151 mint\u00e1s dupla \u00fcvegez\u00e9ssel vannak ell\u00e1tva.<\/p>\n<p>M\u00e9retek: sz\u00e9less\u00e9ge 105 cm magass\u00e1ga 209 cm<\/p>\n<div id=\"tw-container\" class=\"YQaNob\" data-cp=\"1\" data-nnttsvi=\"1\" data-sm=\"1\" data-sugg-time=\"500\" data-sugg-url=\"https:\/\/clients1.google.com\/complete\/search\" data-uilc=\"sk\">\n<div class=\"jhH5U\">\n<div id=\"tw-ob\" class=\"tw-src-ltr\">\n<div class=\"oSioSc\">\n<div id=\"tw-target\">\n<div id=\"kAz1tf\" class=\"g9WsWb\">\n<div id=\"tw-target-rmn-container\" class=\"tw-ta-container hide-focus-ring tw-nfl\">\n<pre id=\"tw-target-rmn\" class=\"tw-data-placeholder tw-text-small tw-ta\" dir=\"ltr\" data-placeholder=\"\">\u00a0<\/pre>\n<\/div>\n<div class=\"iYB33c\">\n<div class=\"dlJLJe\">\n<div data-cviv=\"false\" data-ved=\"2ahUKEwj1zO7X2q_uAhUGx4sKHZZiAVgQz_AEMAB6BAgFEA8\">\n<div class=\"U9URNb\"><img loading=\"lazy\" decoding=\"async\" id=\"dimg_18\" class=\"rISBZc M4dUYb\" src=\"data:image\/png;base64,iVBORw0KGgoAAAANSUhEUgAAABQAAAAUCAQAAAAngNWGAAAA\/0lEQVR4AYXNMSiEcRyA4cfmGHQbCZIipkuxnJgMStlMNmeyD2dwmc8+sZgxYJd9ErIZFHUyYYD7fkr6l4\/rnvmtl7+KitrqV\/fq2Y5eLY3Z9S48eRLe7BmVZ9qhTLhQ0algzZWQOVKSsCF8OjAnwbxDTWFDUhPK\/jMr1H6HE\/IqRky2DyvCefuwItwZzodVoYRiLqMkVCXrwpJ9twZ+sgfDYEFYl8wIWxZ9uFf7zkallxlJh4YrLGsKjZRx7VGHhLqwgFUN45DGdb8MeXGpgB4ABZdeDcpZEY51A+hyLKz4S1W4MQWm3AibWtgWmk6dyISa1pSdyWTOlLXVp0+eL9D\/ZPfBTNanAAAAAElFTkSuQmCC\" alt=\"Ikona Overen\u00e9 komunitou\" width=\"16\" height=\"16\" data-atf=\"0\" \/><\/div>\n<\/div>\n<\/div>\n<div id=\"tw-tmenu\" class=\"tw-menu\">\u00a0<\/div>\n<\/div>\n<\/div>\n<\/div>\n<\/div>\n<\/div>\n<div id=\"tw-images\">\u00a0<\/div>\n<div class=\"dURPtb\">\u00a0<\/div>\n<div>\n<div>\u00a0<\/div>\n<\/div>\n<\/div>\n<\/div>\n<p class=\"KFFQ0c\">\u00a0<\/p>\n","protected":false},"featured_media":1758,"template":"","meta":{"_et_pb_use_builder":"","_et_pb_old_content":"","_et_gb_content_width":""},"product_brand":[],"product_cat":[58,62],"product_tag":[111,120,114,328,112,343,348,329],"class_list":{"0":"post-1805","1":"product","2":"type-product","3":"status-publish","4":"has-post-thumbnail","6":"product_cat-uj-bejarati-ajtok","7":"product_cat-uj-muanyag-bejarati-ajto-egy-szarnyu","8":"product_tag-ajto","9":"product_tag-balos","10":"product_tag-bejarati","11":"product_tag-belul-feher","12":"product_tag-egyszarnyu","13":"product_tag-felig-uvegezett","14":"product_tag-kifele-nyithato","15":"product_tag-kint-aranytolgy","17":"first","18":"outofstock","19":"shipping-taxable","20":"purchasable","21":"product-type-simple"},"_links":{"self":[{"href":"https:\/\/www.oknadverelacno.sk\/hu\/wp-json\/wp\/v2\/product\/1805","targetHints":{"allow":["GET"]}}],"collection":[{"href":"https:\/\/www.oknadverelacno.sk\/hu\/wp-json\/wp\/v2\/product"}],"about":[{"href":"https:\/\/www.oknadverelacno.sk\/hu\/wp-json\/wp\/v2\/types\/product"}],"wp:featuredmedia":[{"embeddable":true,"href":"https:\/\/www.oknadverelacno.sk\/hu\/wp-json\/wp\/v2\/media\/1758"}],"wp:attachment":[{"href":"https:\/\/www.oknadverelacno.sk\/hu\/wp-json\/wp\/v2\/media?parent=1805"}],"wp:term":[{"taxonomy":"product_brand","embeddable":true,"href":"https:\/\/www.oknadverelacno.sk\/hu\/wp-json\/wp\/v2\/product_brand?post=1805"},{"taxonomy":"product_cat","embeddable":true,"href":"https:\/\/www.oknadverelacno.sk\/hu\/wp-json\/wp\/v2\/product_cat?post=1805"},{"taxonomy":"product_tag","embeddable":true,"href":"https:\/\/www.oknadverelacno.sk\/hu\/wp-json\/wp\/v2\/product_tag?post=1805"}],"curies":[{"name":"wp","href":"https:\/\/api.w.org\/{rel}","templated":true}]}}