{"id":1620,"date":"2020-11-05T13:17:42","date_gmt":"2020-11-05T13:17:42","guid":{"rendered":"https:\/\/www.oknadverelacno.sk\/katalog\/fix-ablak-34-cm-x-205-cm-arany-tolgy-feher"},"modified":"2020-11-05T13:17:42","modified_gmt":"2020-11-05T13:17:42","slug":"fix-ablak-34-cm-x-205-cm-arany-tolgy-feher","status":"publish","type":"product","link":"https:\/\/www.oknadverelacno.sk\/hu\/katalog\/fix-ablak-34-cm-x-205-cm-arany-tolgy-feher","title":{"rendered":"Fix ablak 34 cm x 205 cm  arany t\u00f6lgy \/ feh\u00e9r"},"content":{"rendered":"<ul>\n<li>M\u00e9retek sz\u00e9less\u00e9g\/magass\u00e1g<\/li>\n<li>M\u00e9retek cm-ben<\/li>\n<li>Az \u00e1rak tartalmazz\u00e1k az \u00c1FA-t.<\/li>\n<\/ul>\n","protected":false},"excerpt":{"rendered":"<p>\u00daj fixablak, bel\u00fcl feh\u00e9r, k\u00edv\u00fcl aranyt\u00f6lgy, sz\u00e9less\u00e9ge 34 cm x magass\u00e1ga 205 cm.A fixablak felszerel\u00e9se ut\u00e1n javul a helyis\u00e9gbe t\u00f6rt\u00e9n\u0151 f\u00e9ny\u00e1tereszt\u00e9s.<\/p>\n<ul>\n<li class=\"tw-data-text tw-text-large XcVN5d tw-ta\" dir=\"ltr\" data-placeholder=\"Preklad\"><span lang=\"hu\">\u00a0Sz\u00edn: feh\u00e9r\/arany t\u00f6lgy<\/span><span lang=\"hu\">.\u00a0<\/span><\/li>\n<li class=\"tw-data-text tw-text-large XcVN5d tw-ta\" dir=\"ltr\" data-placeholder=\"Preklad\"><span lang=\"hu\"> \u00dcvegez\u00e9s: tiszta h\u00e1rmas \u00fcvegez\u00e9s \u00a0<\/span><\/li>\n<li class=\"tw-data-text tw-text-large XcVN5d tw-ta\" dir=\"ltr\" data-placeholder=\"Preklad\"><span lang=\"hu\">Ablakprofil: WDS 70 ablakprofil<\/span><\/li>\n<li class=\"tw-data-text tw-text-large XcVN5d tw-ta\" dir=\"ltr\" data-placeholder=\"Preklad\"><span lang=\"hu\">M\u00e9retek: sz\u00e9less\u00e9ge 34 cm<\/span><\/li>\n<li class=\"tw-data-text tw-text-large XcVN5d tw-ta\" dir=\"ltr\" data-placeholder=\"Preklad\"><span lang=\"hu\">\u00a0 \u00a0 \u00a0 \u00a0 \u00a0 \u00a0 \u00a0 \u00a0 magass\u00e1ga 205 cm<\/span><\/li>\n<\/ul>\n","protected":false},"featured_media":1587,"template":"","meta":{"_et_pb_use_builder":"","_et_pb_old_content":"","_et_gb_content_width":""},"product_brand":[],"product_cat":[68,63],"product_tag":[333,332,329,331],"class_list":{"0":"post-1620","1":"product","2":"type-product","3":"status-publish","4":"has-post-thumbnail","6":"product_cat-fix-ablakok","7":"product_cat-uj-ablakok","8":"product_tag-belul-feher-hu","9":"product_tag-fix-ablak","10":"product_tag-kint-aranytolgy","11":"product_tag-uj-hu","13":"first","14":"instock","15":"shipping-taxable","16":"purchasable","17":"product-type-simple"},"_links":{"self":[{"href":"https:\/\/www.oknadverelacno.sk\/hu\/wp-json\/wp\/v2\/product\/1620","targetHints":{"allow":["GET"]}}],"collection":[{"href":"https:\/\/www.oknadverelacno.sk\/hu\/wp-json\/wp\/v2\/product"}],"about":[{"href":"https:\/\/www.oknadverelacno.sk\/hu\/wp-json\/wp\/v2\/types\/product"}],"wp:featuredmedia":[{"embeddable":true,"href":"https:\/\/www.oknadverelacno.sk\/hu\/wp-json\/wp\/v2\/media\/1587"}],"wp:attachment":[{"href":"https:\/\/www.oknadverelacno.sk\/hu\/wp-json\/wp\/v2\/media?parent=1620"}],"wp:term":[{"taxonomy":"product_brand","embeddable":true,"href":"https:\/\/www.oknadverelacno.sk\/hu\/wp-json\/wp\/v2\/product_brand?post=1620"},{"taxonomy":"product_cat","embeddable":true,"href":"https:\/\/www.oknadverelacno.sk\/hu\/wp-json\/wp\/v2\/product_cat?post=1620"},{"taxonomy":"product_tag","embeddable":true,"href":"https:\/\/www.oknadverelacno.sk\/hu\/wp-json\/wp\/v2\/product_tag?post=1620"}],"curies":[{"name":"wp","href":"https:\/\/api.w.org\/{rel}","templated":true}]}}