{"id":1484,"date":"2020-10-15T09:43:53","date_gmt":"2020-10-15T09:43:53","guid":{"rendered":"https:\/\/www.oknadverelacno.sk\/katalog\/szunyoghalokeret-ablakra-125cm-x-65cm-feher"},"modified":"2020-10-15T09:43:53","modified_gmt":"2020-10-15T09:43:53","slug":"szunyoghalokeret-ablakra-125cm-x-65cm-feher","status":"publish","type":"product","link":"https:\/\/www.oknadverelacno.sk\/hu\/katalog\/szunyoghalokeret-ablakra-125cm-x-65cm-feher","title":{"rendered":"Sz\u00fanyogh\u00e1l\u00f3keret ablakra  125cm x 65cm feh\u00e9r"},"content":{"rendered":"<ul>\n<li>Az \u00e1rak tartalmazz\u00e1k az \u00c1FA-t<\/li>\n<li>Re\u00e1lis term\u00e9kfot\u00f3k<\/li>\n<li><span lang=\"hu\">Egyszer\u0171 telep\u00edt\u00e9s<\/span><\/li>\n<\/ul>\n","protected":false},"excerpt":{"rendered":"<p><span lang=\"hu\">A sz\u00fanyogh\u00e1l\u00f3kat k\u00f6zvetlen\u00fcl az \u00fcgyfelek ig\u00e9nyeinek megfelel\u0151 m\u00e9r\u00e9sre k\u00e9sz\u00edtik.K\u00e9sz h\u00e1l\u00f3kat is k\u00edn\u00e1lunk. Egyszer\u0171 telep\u00edt\u00e9s.<\/span><\/p>\n","protected":false},"featured_media":1431,"template":"","meta":{"_et_pb_use_builder":"","_et_pb_old_content":"","_et_gb_content_width":""},"product_brand":[],"product_cat":[79,83],"product_tag":[149,306,310],"class_list":{"0":"post-1484","1":"product","2":"type-product","3":"status-publish","4":"has-post-thumbnail","6":"product_cat-kiegeszitok","7":"product_cat-szunyoghalok","8":"product_tag-ablak","9":"product_tag-halo-hu","10":"product_tag-szunyoghalo-hu","12":"first","13":"instock","14":"shipping-taxable","15":"purchasable","16":"product-type-simple"},"_links":{"self":[{"href":"https:\/\/www.oknadverelacno.sk\/hu\/wp-json\/wp\/v2\/product\/1484","targetHints":{"allow":["GET"]}}],"collection":[{"href":"https:\/\/www.oknadverelacno.sk\/hu\/wp-json\/wp\/v2\/product"}],"about":[{"href":"https:\/\/www.oknadverelacno.sk\/hu\/wp-json\/wp\/v2\/types\/product"}],"wp:featuredmedia":[{"embeddable":true,"href":"https:\/\/www.oknadverelacno.sk\/hu\/wp-json\/wp\/v2\/media\/1431"}],"wp:attachment":[{"href":"https:\/\/www.oknadverelacno.sk\/hu\/wp-json\/wp\/v2\/media?parent=1484"}],"wp:term":[{"taxonomy":"product_brand","embeddable":true,"href":"https:\/\/www.oknadverelacno.sk\/hu\/wp-json\/wp\/v2\/product_brand?post=1484"},{"taxonomy":"product_cat","embeddable":true,"href":"https:\/\/www.oknadverelacno.sk\/hu\/wp-json\/wp\/v2\/product_cat?post=1484"},{"taxonomy":"product_tag","embeddable":true,"href":"https:\/\/www.oknadverelacno.sk\/hu\/wp-json\/wp\/v2\/product_tag?post=1484"}],"curies":[{"name":"wp","href":"https:\/\/api.w.org\/{rel}","templated":true}]}}