{"id":1469,"date":"2020-10-15T08:49:50","date_gmt":"2020-10-15T08:49:50","guid":{"rendered":"https:\/\/www.oknadverelacno.sk\/katalog\/muanyag-ablak-sorolo-feher"},"modified":"2020-10-22T11:33:39","modified_gmt":"2020-10-22T11:33:39","slug":"muanyag-ablak-sorolo-feher","status":"publish","type":"product","link":"https:\/\/www.oknadverelacno.sk\/hu\/katalog\/muanyag-ablak-sorolo-feher","title":{"rendered":"M\u0171anyag ablak sorol\u00f3 feh\u00e9r"},"content":{"rendered":"<ul>\n<li>Az \u00e1rak tartalmazz\u00e1k az \u00c1FA-t<\/li>\n<li>Re\u00e1lis term\u00e9kfot\u00f3k<\/li>\n<li>Univerz\u00e1lis<\/li>\n<\/ul>\n","protected":false},"excerpt":{"rendered":"<p>A m\u0171anyag ablak sorol\u00f3 lehet\u0151v\u00e9 teszi k\u00e9t vagy t\u00f6bb ablak \u00f6sszekapcsol\u00e1s\u00e1t egy ny\u00edl\u00e1sban, vagy egy erk\u00e9lyajt\u00f3 ablakos csatlakoztat\u00e1s\u00e1t.<\/p>\n","protected":false},"featured_media":1395,"template":"","meta":{"_et_pb_use_builder":"","_et_pb_old_content":"","_et_gb_content_width":""},"product_brand":[],"product_cat":[79],"product_tag":[155,195,302,300,301,235],"class_list":{"0":"post-1469","1":"product","2":"type-product","3":"status-publish","4":"has-post-thumbnail","6":"product_cat-kiegeszitok","7":"product_tag-ablakok","8":"product_tag-feher-hu","9":"product_tag-kapcsolat","10":"product_tag-osszekoto","11":"product_tag-sorolo","12":"product_tag-teraszajto","14":"first","15":"instock","16":"shipping-taxable","17":"purchasable","18":"product-type-simple"},"_links":{"self":[{"href":"https:\/\/www.oknadverelacno.sk\/hu\/wp-json\/wp\/v2\/product\/1469","targetHints":{"allow":["GET"]}}],"collection":[{"href":"https:\/\/www.oknadverelacno.sk\/hu\/wp-json\/wp\/v2\/product"}],"about":[{"href":"https:\/\/www.oknadverelacno.sk\/hu\/wp-json\/wp\/v2\/types\/product"}],"wp:featuredmedia":[{"embeddable":true,"href":"https:\/\/www.oknadverelacno.sk\/hu\/wp-json\/wp\/v2\/media\/1395"}],"wp:attachment":[{"href":"https:\/\/www.oknadverelacno.sk\/hu\/wp-json\/wp\/v2\/media?parent=1469"}],"wp:term":[{"taxonomy":"product_brand","embeddable":true,"href":"https:\/\/www.oknadverelacno.sk\/hu\/wp-json\/wp\/v2\/product_brand?post=1469"},{"taxonomy":"product_cat","embeddable":true,"href":"https:\/\/www.oknadverelacno.sk\/hu\/wp-json\/wp\/v2\/product_cat?post=1469"},{"taxonomy":"product_tag","embeddable":true,"href":"https:\/\/www.oknadverelacno.sk\/hu\/wp-json\/wp\/v2\/product_tag?post=1469"}],"curies":[{"name":"wp","href":"https:\/\/api.w.org\/{rel}","templated":true}]}}