{"id":1468,"date":"2020-10-09T12:12:21","date_gmt":"2020-10-09T12:12:21","guid":{"rendered":"https:\/\/www.oknadverelacno.sk\/katalog\/retesz-muanyag-erkelyajtokhoz"},"modified":"2020-10-22T11:19:00","modified_gmt":"2020-10-22T11:19:00","slug":"retesz-muanyag-erkelyajtokhoz","status":"publish","type":"product","link":"https:\/\/www.oknadverelacno.sk\/hu\/katalog\/retesz-muanyag-erkelyajtokhoz","title":{"rendered":"Retesz m\u0171anyag erk\u00e9lyajt\u00f3khoz"},"content":{"rendered":"<ul>\n<li>Az \u00e1rak tartalmazz\u00e1k az \u00c1FA-t<\/li>\n<li>Re\u00e1lis term\u00e9kfot\u00f3k<\/li>\n<\/ul>\n","protected":false},"excerpt":{"rendered":"<p class=\"tw-data-text tw-text-large XcVN5d tw-ta\" dir=\"ltr\" data-placeholder=\"Preklad\"><span lang=\"hu\">Univerz\u00e1lis mechanizmus az erk\u00e9lyajt\u00f3k &#8222;bepattan\u00e1s\u00e1ra&#8221;.<\/span><span lang=\"hu\">Lehet\u0151v\u00e9 teszi, hogy az erk\u00e9lyajt\u00f3 k\u00edv\u00fclr\u0151l csap\u00f3djon ki, an\u00e9lk\u00fcl, hogy azt kilincs seg\u00edts\u00e9g\u00e9vel kellene bez\u00e1rni.<\/span><\/p>\n","protected":false},"featured_media":1390,"template":"","meta":{"_et_pb_use_builder":"","_et_pb_old_content":"","_et_gb_content_width":""},"product_brand":[],"product_cat":[79],"product_tag":[111,234,299],"class_list":{"0":"post-1468","1":"product","2":"type-product","3":"status-publish","4":"has-post-thumbnail","6":"product_cat-kiegeszitok","7":"product_tag-ajto","8":"product_tag-balkon-hu-2","9":"product_tag-retesz","11":"first","12":"instock","13":"shipping-taxable","14":"purchasable","15":"product-type-simple"},"_links":{"self":[{"href":"https:\/\/www.oknadverelacno.sk\/hu\/wp-json\/wp\/v2\/product\/1468","targetHints":{"allow":["GET"]}}],"collection":[{"href":"https:\/\/www.oknadverelacno.sk\/hu\/wp-json\/wp\/v2\/product"}],"about":[{"href":"https:\/\/www.oknadverelacno.sk\/hu\/wp-json\/wp\/v2\/types\/product"}],"wp:featuredmedia":[{"embeddable":true,"href":"https:\/\/www.oknadverelacno.sk\/hu\/wp-json\/wp\/v2\/media\/1390"}],"wp:attachment":[{"href":"https:\/\/www.oknadverelacno.sk\/hu\/wp-json\/wp\/v2\/media?parent=1468"}],"wp:term":[{"taxonomy":"product_brand","embeddable":true,"href":"https:\/\/www.oknadverelacno.sk\/hu\/wp-json\/wp\/v2\/product_brand?post=1468"},{"taxonomy":"product_cat","embeddable":true,"href":"https:\/\/www.oknadverelacno.sk\/hu\/wp-json\/wp\/v2\/product_cat?post=1468"},{"taxonomy":"product_tag","embeddable":true,"href":"https:\/\/www.oknadverelacno.sk\/hu\/wp-json\/wp\/v2\/product_tag?post=1468"}],"curies":[{"name":"wp","href":"https:\/\/api.w.org\/{rel}","templated":true}]}}