{"id":1467,"date":"2020-10-09T11:56:20","date_gmt":"2020-10-09T11:56:20","guid":{"rendered":"https:\/\/www.oknadverelacno.sk\/katalog\/fogantyu-az-erkelyajtohoz-arany-tolgy"},"modified":"2020-10-09T11:56:20","modified_gmt":"2020-10-09T11:56:20","slug":"fogantyu-az-erkelyajtohoz-arany-tolgy","status":"publish","type":"product","link":"https:\/\/www.oknadverelacno.sk\/hu\/katalog\/fogantyu-az-erkelyajtohoz-arany-tolgy","title":{"rendered":"Foganty\u00fa az erk\u00e9lyajt\u00f3hoz arany t\u00f6lgy"},"content":{"rendered":"<ul>\n<li>Az \u00e1rak tartalmazz\u00e1k az \u00c1FA-t<\/li>\n<li>Re\u00e1lis term\u00e9kfot\u00f3k<\/li>\n<\/ul>\n","protected":false},"excerpt":{"rendered":"<p><span lang=\"hu\">Arany t\u00f6lgy m\u0171anyag foganty\u00fa erk\u00e9lyajt\u00f3hoz.<\/span><\/p>\n","protected":false},"featured_media":1386,"template":"","meta":{"_et_pb_use_builder":"","_et_pb_old_content":"","_et_gb_content_width":""},"product_brand":[],"product_cat":[80,79],"product_tag":[111,193,234,298,113],"class_list":{"0":"post-1467","1":"product","2":"type-product","3":"status-publish","4":"has-post-thumbnail","6":"product_cat-ajtokilincs","7":"product_cat-kiegeszitok","8":"product_tag-ajto","9":"product_tag-arany-tolgy","10":"product_tag-balkon-hu-2","11":"product_tag-fogantyu","12":"product_tag-muanyag","14":"first","15":"instock","16":"shipping-taxable","17":"purchasable","18":"product-type-simple"},"_links":{"self":[{"href":"https:\/\/www.oknadverelacno.sk\/hu\/wp-json\/wp\/v2\/product\/1467","targetHints":{"allow":["GET"]}}],"collection":[{"href":"https:\/\/www.oknadverelacno.sk\/hu\/wp-json\/wp\/v2\/product"}],"about":[{"href":"https:\/\/www.oknadverelacno.sk\/hu\/wp-json\/wp\/v2\/types\/product"}],"wp:featuredmedia":[{"embeddable":true,"href":"https:\/\/www.oknadverelacno.sk\/hu\/wp-json\/wp\/v2\/media\/1386"}],"wp:attachment":[{"href":"https:\/\/www.oknadverelacno.sk\/hu\/wp-json\/wp\/v2\/media?parent=1467"}],"wp:term":[{"taxonomy":"product_brand","embeddable":true,"href":"https:\/\/www.oknadverelacno.sk\/hu\/wp-json\/wp\/v2\/product_brand?post=1467"},{"taxonomy":"product_cat","embeddable":true,"href":"https:\/\/www.oknadverelacno.sk\/hu\/wp-json\/wp\/v2\/product_cat?post=1467"},{"taxonomy":"product_tag","embeddable":true,"href":"https:\/\/www.oknadverelacno.sk\/hu\/wp-json\/wp\/v2\/product_tag?post=1467"}],"curies":[{"name":"wp","href":"https:\/\/api.w.org\/{rel}","templated":true}]}}