{"id":1463,"date":"2020-10-09T11:29:01","date_gmt":"2020-10-09T11:29:01","guid":{"rendered":"https:\/\/www.oknadverelacno.sk\/katalog\/muanyag-ablak-75-cm-x-90-cm-bny-balos"},"modified":"2020-10-09T11:29:01","modified_gmt":"2020-10-09T11:29:01","slug":"muanyag-ablak-75-cm-x-90-cm-bny-balos","status":"publish","type":"product","link":"https:\/\/www.oknadverelacno.sk\/hu\/katalog\/muanyag-ablak-75-cm-x-90-cm-bny-balos","title":{"rendered":"M\u0171anyag ablak 75 cm x 90 cm B+Ny  balos"},"content":{"rendered":"<ul>\n<li>M\u00e9retek sz\u00e9less\u00e9g\/magass\u00e1g<\/li>\n<li>M\u00e9retek cm-ben<\/li>\n<li>Az \u00e1rak tartalmazz\u00e1k az \u00c1FA-t.<\/li>\n<li>Re\u00e1lis term\u00e9kfot\u00f3k<\/li>\n<\/ul>\n","protected":false},"excerpt":{"rendered":"<p>\u00daj, egysz\u00e1rny\u00fa, feh\u00e9r, buk\u00f3-ny\u00edl\u00f3 balos m\u0171anyag ablak. Az ablak m\u00e9retei: 75 cm sz\u00e9les, 90 cm magas. Az \u00e1r tartalmazza a hozz\u00e1val\u00f3 ablakkilincset, v\u00e9gz\u00e1r\u00f3kat \u00e9s a p\u00e1rk\u00e1nyfogad\u00f3t.<\/p>\n<p>Sz\u00e1rnyak: egysz\u00e1rny\u00fa<br \/>1. sz\u00e1rny B+Ny: buk\u00f3-ny\u00edl\u00f3<br \/>\u00dcvegez\u00e9s: 2 r\u00e9teg\u0171 \u00fcveg<br \/>Sz\u00edne: feh\u00e9r<br \/>Profil: WDS 70<br \/>Vasalat: AXOR INDUSTRY<br \/>M\u00e9retek:<br \/>sz\u00e9less\u00e9g 75 cm<br \/>magass\u00e1g 90 cm<\/p>\n","protected":false},"featured_media":1372,"template":"","meta":{"_et_pb_use_builder":"","_et_pb_old_content":"","_et_gb_content_width":""},"product_brand":[],"product_cat":[63,65],"product_tag":[149,112,115,113,146],"class_list":{"0":"post-1463","1":"product","2":"type-product","3":"status-publish","4":"has-post-thumbnail","6":"product_cat-uj-ablakok","7":"product_cat-uj-muanyag-ablak-egy-szarnyu","8":"product_tag-ablak","9":"product_tag-egyszarnyu","10":"product_tag-feher","11":"product_tag-muanyag","12":"product_tag-uj","14":"first","15":"instock","16":"shipping-taxable","17":"purchasable","18":"product-type-simple"},"_links":{"self":[{"href":"https:\/\/www.oknadverelacno.sk\/hu\/wp-json\/wp\/v2\/product\/1463","targetHints":{"allow":["GET"]}}],"collection":[{"href":"https:\/\/www.oknadverelacno.sk\/hu\/wp-json\/wp\/v2\/product"}],"about":[{"href":"https:\/\/www.oknadverelacno.sk\/hu\/wp-json\/wp\/v2\/types\/product"}],"wp:featuredmedia":[{"embeddable":true,"href":"https:\/\/www.oknadverelacno.sk\/hu\/wp-json\/wp\/v2\/media\/1372"}],"wp:attachment":[{"href":"https:\/\/www.oknadverelacno.sk\/hu\/wp-json\/wp\/v2\/media?parent=1463"}],"wp:term":[{"taxonomy":"product_brand","embeddable":true,"href":"https:\/\/www.oknadverelacno.sk\/hu\/wp-json\/wp\/v2\/product_brand?post=1463"},{"taxonomy":"product_cat","embeddable":true,"href":"https:\/\/www.oknadverelacno.sk\/hu\/wp-json\/wp\/v2\/product_cat?post=1463"},{"taxonomy":"product_tag","embeddable":true,"href":"https:\/\/www.oknadverelacno.sk\/hu\/wp-json\/wp\/v2\/product_tag?post=1463"}],"curies":[{"name":"wp","href":"https:\/\/api.w.org\/{rel}","templated":true}]}}