{"id":1451,"date":"2020-10-08T13:08:43","date_gmt":"2020-10-08T13:08:43","guid":{"rendered":"https:\/\/www.oknadverelacno.sk\/katalog\/muanyag-bejarati-ajto-ds02-feher-100-cm-x-205-cm-balos"},"modified":"2020-10-08T13:08:43","modified_gmt":"2020-10-08T13:08:43","slug":"muanyag-bejarati-ajto-ds02-feher-100-cm-x-205-cm-balos","status":"publish","type":"product","link":"https:\/\/www.oknadverelacno.sk\/hu\/katalog\/muanyag-bejarati-ajto-ds02-feher-100-cm-x-205-cm-balos","title":{"rendered":"M\u0171anyag bej\u00e1rati ajt\u00f3 DS02 feh\u00e9r 100 cm x 205 cm balos"},"content":{"rendered":"<ul>\n<li>M\u00e9retek sz\u00e9less\u00e9g\/magass\u00e1g<\/li>\n<li>M\u00e9retek cm-ben<\/li>\n<li>Az \u00e1rak tartalmazz\u00e1k az \u00c1FA-t.<\/li>\n<\/ul>\n","protected":false},"excerpt":{"rendered":"<p><span lang=\"hu\">\u00daj, egysz\u00e1rny\u00fa,feh\u00e9r m\u0171anyag bej\u00e1rati ajt\u00f3, amelyek \u00fcvegezettek<\/span><span lang=\"hu\">. <\/span>\u00a0Az ajt\u00f3 m\u00e9retei: 100 cm sz\u00e9les, 205 cm magas. Minden ajt\u00f3 5 ponton z\u00e1r\u00f3d\u00f3, 3 darab 3 dimenzi\u00f3ban \u00e1ll\u00edthat\u00f3 ajt\u00f3p\u00e1nttal \u00e9s alum\u00ednium k\u00fcsz\u00f6bbel. Az \u00e1r tartalmazza a hozz\u00e1val\u00f3 ajt\u00f3kilincset \u00e9s a z\u00e1rbet\u00e9tet 3 db kulccsal. Az ablakok szigetel\u0151 kett\u0151s \u00fcvegez\u00e9ssel vannak ell\u00e1tva.<\/p>\n<ul>\n<li id=\"tw-target-text\" class=\"tw-data-text tw-text-large XcVN5d tw-ta\" dir=\"ltr\" data-placeholder=\"Preklad\"><span lang=\"hu\">M\u00e9retek:<\/span><\/li>\n<li class=\"tw-data-text tw-text-large XcVN5d tw-ta\" dir=\"ltr\" data-placeholder=\"Preklad\"><span lang=\"hu\">sz\u00e9less\u00e9ge 100 cm<\/span><\/li>\n<li class=\"tw-data-text tw-text-large XcVN5d tw-ta\" dir=\"ltr\" data-placeholder=\"Preklad\"><span lang=\"hu\">magass\u00e1ga 205 cm<\/span><\/li>\n<\/ul>\n<p>&nbsp;<\/p>\n<p>&nbsp;<\/p>\n","protected":false},"featured_media":1327,"template":"","meta":{"_et_pb_use_builder":"","_et_pb_old_content":"","_et_gb_content_width":""},"product_brand":[],"product_cat":[58,62],"product_tag":[111,114,115,113,146,293],"class_list":{"0":"post-1451","1":"product","2":"type-product","3":"status-publish","4":"has-post-thumbnail","6":"product_cat-uj-bejarati-ajtok","7":"product_cat-uj-muanyag-bejarati-ajto-egy-szarnyu","8":"product_tag-ajto","9":"product_tag-bejarati","10":"product_tag-feher","11":"product_tag-muanyag","12":"product_tag-uj","13":"product_tag-uveg","15":"first","16":"outofstock","17":"shipping-taxable","18":"purchasable","19":"product-type-simple"},"_links":{"self":[{"href":"https:\/\/www.oknadverelacno.sk\/hu\/wp-json\/wp\/v2\/product\/1451","targetHints":{"allow":["GET"]}}],"collection":[{"href":"https:\/\/www.oknadverelacno.sk\/hu\/wp-json\/wp\/v2\/product"}],"about":[{"href":"https:\/\/www.oknadverelacno.sk\/hu\/wp-json\/wp\/v2\/types\/product"}],"wp:featuredmedia":[{"embeddable":true,"href":"https:\/\/www.oknadverelacno.sk\/hu\/wp-json\/wp\/v2\/media\/1327"}],"wp:attachment":[{"href":"https:\/\/www.oknadverelacno.sk\/hu\/wp-json\/wp\/v2\/media?parent=1451"}],"wp:term":[{"taxonomy":"product_brand","embeddable":true,"href":"https:\/\/www.oknadverelacno.sk\/hu\/wp-json\/wp\/v2\/product_brand?post=1451"},{"taxonomy":"product_cat","embeddable":true,"href":"https:\/\/www.oknadverelacno.sk\/hu\/wp-json\/wp\/v2\/product_cat?post=1451"},{"taxonomy":"product_tag","embeddable":true,"href":"https:\/\/www.oknadverelacno.sk\/hu\/wp-json\/wp\/v2\/product_tag?post=1451"}],"curies":[{"name":"wp","href":"https:\/\/api.w.org\/{rel}","templated":true}]}}