{"id":1008,"date":"2020-08-31T15:11:51","date_gmt":"2020-08-31T15:11:51","guid":{"rendered":"https:\/\/www.oknadverelacno.sk\/katalog\/egyszarnyu-muanyag-ablak-113-cm-x-164-cm-antracit"},"modified":"2020-08-31T15:11:51","modified_gmt":"2020-08-31T15:11:51","slug":"egyszarnyu-muanyag-ablak-113-cm-x-164-cm-antracit","status":"publish","type":"product","link":"https:\/\/www.oknadverelacno.sk\/hu\/katalog\/egyszarnyu-muanyag-ablak-113-cm-x-164-cm-antracit","title":{"rendered":"M\u0171anyag ablak 113 cm x 164 cm Jobbos B+Ny antracit"},"content":{"rendered":"<ul>\n<li>M\u00e9retek sz\u00e9less\u00e9g\/magass\u00e1g<\/li>\n<li>M\u00e9retek cm-ben<\/li>\n<li>Az \u00e1rak tartalmazz\u00e1k az \u00c1FA-t.<\/li>\n<li>Re\u00e1lis term\u00e9kfot\u00f3k<\/li>\n<\/ul>\n","protected":false},"excerpt":{"rendered":"<p>\u00daj, egysz\u00e1rny\u00fa, antracit, buk\u00f3-ny\u00edl\u00f3, jobbos m\u0171anyag ablak. Az ablak m\u00e9retei: 113 cm sz\u00e9les, 164 cm magas. Az \u00e1r tartalmazza a hozz\u00e1val\u00f3 ablakkilincset, v\u00e9gz\u00e1r\u00f3kat \u00e9s a p\u00e1rk\u00e1nyfogad\u00f3t.<\/p>\n<p>Sz\u00e1rnyak: egysz\u00e1rny\u00fa<br \/>\nB+Ny: buk\u00f3-ny\u00edl\u00f3<br \/>\n\u00dcvegez\u00e9s: 3 r\u00e9teg\u0171 norm\u00e1l s\u00edk\u00fcveg<br \/>\nSz\u00edne:antracit\/ feh\u00e9r<\/p>\n<p>M\u00e9retek:<br \/>\nsz\u00e9less\u00e9g 113 cm<br \/>\nmagass\u00e1g 164 cm<\/p>\n","protected":false},"featured_media":994,"template":"","meta":{"_et_pb_use_builder":"","_et_pb_old_content":"","_et_gb_content_width":""},"product_brand":[],"product_cat":[63,65],"product_tag":[223,148,112,147,146],"class_list":{"0":"post-1008","1":"product","2":"type-product","3":"status-publish","4":"has-post-thumbnail","6":"product_cat-uj-ablakok","7":"product_cat-uj-muanyag-ablak-egy-szarnyu","8":"product_tag-antracit-hu","9":"product_tag-buko-nyilo","10":"product_tag-egyszarnyu","11":"product_tag-muanyag-ablak","12":"product_tag-uj","14":"first","15":"instock","16":"shipping-taxable","17":"purchasable","18":"product-type-simple"},"_links":{"self":[{"href":"https:\/\/www.oknadverelacno.sk\/hu\/wp-json\/wp\/v2\/product\/1008","targetHints":{"allow":["GET"]}}],"collection":[{"href":"https:\/\/www.oknadverelacno.sk\/hu\/wp-json\/wp\/v2\/product"}],"about":[{"href":"https:\/\/www.oknadverelacno.sk\/hu\/wp-json\/wp\/v2\/types\/product"}],"wp:featuredmedia":[{"embeddable":true,"href":"https:\/\/www.oknadverelacno.sk\/hu\/wp-json\/wp\/v2\/media\/994"}],"wp:attachment":[{"href":"https:\/\/www.oknadverelacno.sk\/hu\/wp-json\/wp\/v2\/media?parent=1008"}],"wp:term":[{"taxonomy":"product_brand","embeddable":true,"href":"https:\/\/www.oknadverelacno.sk\/hu\/wp-json\/wp\/v2\/product_brand?post=1008"},{"taxonomy":"product_cat","embeddable":true,"href":"https:\/\/www.oknadverelacno.sk\/hu\/wp-json\/wp\/v2\/product_cat?post=1008"},{"taxonomy":"product_tag","embeddable":true,"href":"https:\/\/www.oknadverelacno.sk\/hu\/wp-json\/wp\/v2\/product_tag?post=1008"}],"curies":[{"name":"wp","href":"https:\/\/api.w.org\/{rel}","templated":true}]}}