{"id":414,"date":"2020-07-23T08:01:34","date_gmt":"2020-07-23T08:01:34","guid":{"rendered":"https:\/\/www.oknadverelacno.sk\/?page_id=414"},"modified":"2020-11-23T15:56:47","modified_gmt":"2020-11-23T15:56:47","slug":"kontakt","status":"publish","type":"page","link":"https:\/\/www.oknadverelacno.sk\/hu\/kontakt","title":{"rendered":"Kapcsolat"},"content":{"rendered":"<p>[et_pb_section fb_built=&#8221;1&#8243; custom_padding_last_edited=&#8221;on|desktop&#8221; admin_label=&#8221;Header&#8221; _builder_version=&#8221;4.4.5&#8243; background_color=&#8221;rgba(221,0,51,0.13)&#8221; background_color_gradient_direction=&#8221;90deg&#8221; background_image=&#8221;https:\/\/www.oknadverelacno.sk\/wp-content\/uploads\/bg-okno-1.jpg&#8221; background_position=&#8221;center_right&#8221; custom_padding=&#8221;50px||50px||true|false&#8221; custom_padding_tablet=&#8221;140px|0px|50px|0px|false|false&#8221; custom_padding_phone=&#8221;120px|||&#8221;][et_pb_row _builder_version=&#8221;4.4.1&#8243; background_color=&#8221;rgba(255,255,255,0.77)&#8221; width=&#8221;100%&#8221; max_width=&#8221;100%&#8221;][et_pb_column type=&#8221;4_4&#8243; _builder_version=&#8221;4.4.1&#8243;][et_pb_text _builder_version=&#8221;4.5.1&#8243; header_font=&#8221;|600||on|||||&#8221; header_text_align=&#8221;center&#8221; header_text_color=&#8221;#0b67b7&#8243; header_font_size=&#8221;45px&#8221; header_font_size_tablet=&#8221;&#8221; header_font_size_phone=&#8221;35px&#8221; header_font_size_last_edited=&#8221;on|desktop&#8221;]<\/p>\n<h1>El\u00e9rhet\u0151s\u00e9geink<\/h1>\n<p>[\/et_pb_text][\/et_pb_column][\/et_pb_row][\/et_pb_section][et_pb_section fb_built=&#8221;1&#8243; _builder_version=&#8221;4.4.5&#8243;][et_pb_row column_structure=&#8221;1_2,1_2&#8243; _builder_version=&#8221;4.4.1&#8243;][et_pb_column type=&#8221;1_2&#8243; _builder_version=&#8221;4.4.1&#8243;][et_pb_text _builder_version=&#8221;4.4.5&#8243;]FIERNO s.r.o.<br \/>\nMoyzesova 11<br \/>\nFi\u013eakovo 98601<br \/>\nI\u010cO: 48280640<br \/>\nDI\u010c: 2120115107<br \/>\nI\u010c DPH: SK2120115107[\/et_pb_text][\/et_pb_column][et_pb_column type=&#8221;1_2&#8243; _builder_version=&#8221;4.4.1&#8243;][et_pb_text _builder_version=&#8221;4.5.1&#8243;]Telephely\u00fcnk:<br \/>\nTeheln\u00e1 5\/A<br \/>\nFi\u013eakovo[\/et_pb_text][et_pb_blurb use_icon=&#8221;on&#8221; font_icon=&#8221;%%264%%&#8221; icon_color=&#8221;#0b67b7&#8243; icon_placement=&#8221;left&#8221; use_icon_font_size=&#8221;on&#8221; icon_font_size=&#8221;21px&#8221; _builder_version=&#8221;4.4.8&#8243; link_option_url=&#8221;tel:+421907182570&#8243;]+421 907 182 570[\/et_pb_blurb][et_pb_blurb use_icon=&#8221;on&#8221; font_icon=&#8221;%%109%%&#8221; icon_color=&#8221;#0b67b7&#8243; icon_placement=&#8221;left&#8221; use_icon_font_size=&#8221;on&#8221; icon_font_size=&#8221;21px&#8221; _builder_version=&#8221;4.7.3&#8243; link_option_url=&#8221;mailto:fierno.sro@gmail.com&#8221; hover_enabled=&#8221;0&#8243; sticky_enabled=&#8221;0&#8243;]fierno.sro@gmail.com[\/et_pb_blurb][\/et_pb_column][\/et_pb_row][\/et_pb_section][et_pb_section fb_built=&#8221;1&#8243; _builder_version=&#8221;4.4.5&#8243; custom_margin=&#8221;||||false|false&#8221; custom_padding=&#8221;0px||0px||false|false&#8221;][et_pb_row _builder_version=&#8221;4.4.5&#8243; width=&#8221;100%&#8221; max_width=&#8221;100%&#8221; custom_margin=&#8221;||||false|false&#8221; custom_padding=&#8221;||0px||false|false&#8221;][et_pb_column type=&#8221;4_4&#8243; _builder_version=&#8221;4.4.5&#8243;][et_pb_text _builder_version=&#8221;4.4.5&#8243;]<iframe loading=\"lazy\" src=\"https:\/\/www.google.com\/maps\/embed?pb=!1m18!1m12!1m3!1d2655.6602106445976!2d19.829719551980716!3d48.270913179132364!2m3!1f0!2f0!3f0!3m2!1i1024!2i768!4f13.1!3m3!1m2!1s0x47400a115021c08f%3A0xd613b711ffeb273a!2sTeheln%C3%A1%201682%2F5A%2C%20986%2001%20Fi%C4%BEakovo-Priemyseln%C3%BD%20obvod!5e0!3m2!1sen!2ssk!4v1588835403855!5m2!1sen!2ssk\" width=\"100%\" height=\"450\" frameborder=\"0\" style=\"border:0;\" allowfullscreen=\"\" aria-hidden=\"false\" tabindex=\"0\"><\/iframe>[\/et_pb_text][\/et_pb_column][\/et_pb_row][\/et_pb_section][et_pb_section fb_built=&#8221;1&#8243; _builder_version=&#8221;4.4.5&#8243; background_color=&#8221;#0b67b7&#8243;][et_pb_row _builder_version=&#8221;4.4.5&#8243;][et_pb_column type=&#8221;4_4&#8243; _builder_version=&#8221;4.4.5&#8243;][et_pb_text _builder_version=&#8221;4.5.1&#8243; header_2_text_align=&#8221;center&#8221; header_2_text_color=&#8221;#ffffff&#8221; header_2_font_size_tablet=&#8221;&#8221; header_2_font_size_phone=&#8221;24px&#8221; header_2_font_size_last_edited=&#8221;on|phone&#8221;]<\/p>\n<h2>Keres ablakot es ajt\u00f3t alacsony \u00e1ron? It tal\u00e1lhat\u00f3.<\/h2>\n<p>[\/et_pb_text][\/et_pb_column][\/et_pb_row][\/et_pb_section]<\/p>\n","protected":false},"excerpt":{"rendered":"<p>El\u00e9rhet\u0151s\u00e9geinkFIERNO s.r.o. Moyzesova 11 Fi\u013eakovo 98601 I\u010cO: 48280640 DI\u010c: 2120115107 I\u010c DPH: SK2120115107Telephely\u00fcnk: Teheln\u00e1 5\/A Fi\u013eakovo+421 907 182 570fierno.sro@gmail.comKeres ablakot es ajt\u00f3t alacsony \u00e1ron? It tal\u00e1lhat\u00f3.<\/p>\n","protected":false},"author":3,"featured_media":400,"parent":0,"menu_order":0,"comment_status":"closed","ping_status":"closed","template":"","meta":{"_et_pb_use_builder":"on","_et_pb_old_content":"[et_pb_section fb_built=\"1\" custom_padding_last_edited=\"on|desktop\" admin_label=\"Header\" _builder_version=\"4.4.5\" background_color=\"rgba(221,0,51,0.13)\" background_color_gradient_direction=\"90deg\" background_image=\"https:\/\/www.oknadverelacno.sk\/wp-content\/uploads\/bg-okno-1.jpg\" background_position=\"center_right\" custom_padding=\"50px||50px||true|false\" custom_padding_tablet=\"140px|0px|50px|0px|false|false\" custom_padding_phone=\"120px|||\"][et_pb_row _builder_version=\"4.4.1\" background_color=\"rgba(255,255,255,0.77)\" width=\"100%\" max_width=\"100%\"][et_pb_column type=\"4_4\" _builder_version=\"4.4.1\"][et_pb_text _builder_version=\"4.4.8\" header_font=\"|600||on|||||\" header_text_align=\"center\" header_text_color=\"#0b67b7\" header_font_size=\"45px\" hover_enabled=\"0\" header_font_size_tablet=\"\" header_font_size_phone=\"35px\" header_font_size_last_edited=\"on|desktop\"]\n<h1>Kontakt<\/h1>\n[\/et_pb_text][\/et_pb_column][\/et_pb_row][\/et_pb_section][et_pb_section fb_built=\"1\" _builder_version=\"4.4.5\"][et_pb_row column_structure=\"1_2,1_2\" _builder_version=\"4.4.1\"][et_pb_column type=\"1_2\" _builder_version=\"4.4.1\"][et_pb_text _builder_version=\"4.4.5\"]\n\nFIERNO s.r.o.\nMoyzesova 11\nFi\u013eakovo 98601\nI\u010cO: 48280640\nDI\u010c: 2120115107\nI\u010c DPH: SK2120115107\n\n[\/et_pb_text][\/et_pb_column][et_pb_column type=\"1_2\" _builder_version=\"4.4.1\"][et_pb_text _builder_version=\"4.4.5\"]\n\nPrev\u00e1dzka:\nTeheln\u00e1 5\/A\nFi\u013eakovo\n\n[\/et_pb_text][et_pb_blurb use_icon=\"on\" font_icon=\"%%264%%\" icon_color=\"#0b67b7\" icon_placement=\"left\" use_icon_font_size=\"on\" icon_font_size=\"21px\" _builder_version=\"4.4.8\" hover_enabled=\"0\" link_option_url=\"tel:+421907182570\"]+421 907 182 570[\/et_pb_blurb][et_pb_blurb use_icon=\"on\" font_icon=\"%%109%%\" icon_color=\"#0b67b7\" icon_placement=\"left\" use_icon_font_size=\"on\" icon_font_size=\"21px\" _builder_version=\"4.4.8\" hover_enabled=\"0\" link_option_url=\"mailto:info@oknadverelacno.sk\"]\n\ninfo@oknadverelacno.sk\n\n[\/et_pb_blurb][\/et_pb_column][\/et_pb_row][\/et_pb_section][et_pb_section fb_built=\"1\" _builder_version=\"4.4.5\" custom_margin=\"||||false|false\" custom_padding=\"0px||0px||false|false\"][et_pb_row _builder_version=\"4.4.5\" width=\"100%\" max_width=\"100%\" custom_margin=\"||||false|false\" custom_padding=\"||0px||false|false\"][et_pb_column type=\"4_4\" _builder_version=\"4.4.5\"][et_pb_text _builder_version=\"4.4.5\"]<iframe src=\"https:\/\/www.google.com\/maps\/embed?pb=!1m18!1m12!1m3!1d2655.6602106445976!2d19.829719551980716!3d48.270913179132364!2m3!1f0!2f0!3f0!3m2!1i1024!2i768!4f13.1!3m3!1m2!1s0x47400a115021c08f%3A0xd613b711ffeb273a!2sTeheln%C3%A1%201682%2F5A%2C%20986%2001%20Fi%C4%BEakovo-Priemyseln%C3%BD%20obvod!5e0!3m2!1sen!2ssk!4v1588835403855!5m2!1sen!2ssk\" width=\"100%\" height=\"450\" frameborder=\"0\" style=\"border:0;\" allowfullscreen=\"\" aria-hidden=\"false\" tabindex=\"0\"><\/iframe>[\/et_pb_text][\/et_pb_column][\/et_pb_row][\/et_pb_section][et_pb_section fb_built=\"1\" _builder_version=\"4.4.5\" background_color=\"#0b67b7\"][et_pb_row _builder_version=\"4.4.5\"][et_pb_column type=\"4_4\" _builder_version=\"4.4.5\"][et_pb_text _builder_version=\"4.4.8\" header_2_text_align=\"center\" header_2_text_color=\"#ffffff\" hover_enabled=\"0\" header_2_font_size_last_edited=\"on|phone\" header_2_font_size_phone=\"24px\"]\n<h2>H\u013ead\u00e1te okn\u00e1, dvere \u010di vchodov\u00e9 dvere za v\u00fdhodn\u00e9 ceny? U n\u00e1s si vyberiete.<\/h2>\n[\/et_pb_text][\/et_pb_column][\/et_pb_row][\/et_pb_section]","_et_gb_content_width":"","footnotes":""},"class_list":["post-414","page","type-page","status-publish","has-post-thumbnail","hentry"],"_links":{"self":[{"href":"https:\/\/www.oknadverelacno.sk\/hu\/wp-json\/wp\/v2\/pages\/414","targetHints":{"allow":["GET"]}}],"collection":[{"href":"https:\/\/www.oknadverelacno.sk\/hu\/wp-json\/wp\/v2\/pages"}],"about":[{"href":"https:\/\/www.oknadverelacno.sk\/hu\/wp-json\/wp\/v2\/types\/page"}],"author":[{"embeddable":true,"href":"https:\/\/www.oknadverelacno.sk\/hu\/wp-json\/wp\/v2\/users\/3"}],"replies":[{"embeddable":true,"href":"https:\/\/www.oknadverelacno.sk\/hu\/wp-json\/wp\/v2\/comments?post=414"}],"version-history":[{"count":7,"href":"https:\/\/www.oknadverelacno.sk\/hu\/wp-json\/wp\/v2\/pages\/414\/revisions"}],"predecessor-version":[{"id":1627,"href":"https:\/\/www.oknadverelacno.sk\/hu\/wp-json\/wp\/v2\/pages\/414\/revisions\/1627"}],"wp:featuredmedia":[{"embeddable":true,"href":"https:\/\/www.oknadverelacno.sk\/hu\/wp-json\/wp\/v2\/media\/400"}],"wp:attachment":[{"href":"https:\/\/www.oknadverelacno.sk\/hu\/wp-json\/wp\/v2\/media?parent=414"}],"curies":[{"name":"wp","href":"https:\/\/api.w.org\/{rel}","templated":true}]}}