{"id":409,"date":"2020-07-23T07:55:40","date_gmt":"2020-07-23T07:55:40","guid":{"rendered":"https:\/\/www.oknadverelacno.sk\/?page_id=409"},"modified":"2024-08-29T06:18:49","modified_gmt":"2024-08-29T06:18:49","slug":"fooldal","status":"publish","type":"page","link":"https:\/\/www.oknadverelacno.sk\/hu","title":{"rendered":"F\u0151oldal"},"content":{"rendered":"<p>[et_pb_section fb_built=&#8221;1&#8243; custom_padding_last_edited=&#8221;on|desktop&#8221; admin_label=&#8221;Header&#8221; _builder_version=&#8221;4.16&#8243; background_color=&#8221;rgba(221,0,51,0.13)&#8221; background_color_gradient_direction=&#8221;90deg&#8221; background_image=&#8221;https:\/\/www.oknadverelacno.sk\/wp-content\/uploads\/bg-okno-1.jpg&#8221; background_position=&#8221;center_right&#8221; height=&#8221;400px&#8221; height_tablet=&#8221;&#8221; height_phone=&#8221;&#8221; height_last_edited=&#8221;on|desktop&#8221; custom_padding=&#8221;50px||50px||true|false&#8221; custom_padding_tablet=&#8221;140px|0px|50px|0px|false|false&#8221; custom_padding_phone=&#8221;120px|||&#8221; global_colors_info=&#8221;{}&#8221;][et_pb_row _builder_version=&#8221;4.16&#8243; background_color=&#8221;rgba(255,255,255,0.77)&#8221; width=&#8221;100%&#8221; max_width=&#8221;100%&#8221; global_colors_info=&#8221;{}&#8221;][et_pb_column type=&#8221;4_4&#8243; _builder_version=&#8221;4.16&#8243; global_colors_info=&#8221;{}&#8221;][et_pb_text _builder_version=&#8221;4.16&#8243; header_font=&#8221;|600||on|||||&#8221; header_text_align=&#8221;center&#8221; header_text_color=&#8221;#0b67b7&#8243; header_font_size=&#8221;45px&#8221; header_font_size_tablet=&#8221;&#8221; header_font_size_phone=&#8221;35px&#8221; header_font_size_last_edited=&#8221;on|phone&#8221; global_colors_info=&#8221;{}&#8221;]<\/p>\n<h1>M\u0170ANYAG ABLAKOK \u00c9S AJT\u00d3K<\/h1>\n<p>[\/et_pb_text][\/et_pb_column][\/et_pb_row][\/et_pb_section][et_pb_section fb_built=&#8221;1&#8243; _builder_version=&#8221;4.16&#8243; global_colors_info=&#8221;{}&#8221;][et_pb_row disabled_on=&#8221;on|on|on&#8221; _builder_version=&#8221;4.16&#8243; global_colors_info=&#8221;{}&#8221; disabled=&#8221;on&#8221;][et_pb_column type=&#8221;4_4&#8243; _builder_version=&#8221;4.16&#8243; global_colors_info=&#8221;{}&#8221;][et_pb_text _builder_version=&#8221;4.27.0&#8243; header_2_text_color=&#8221;#E02B20&#8243; text_orientation=&#8221;center&#8221; header_2_text_align_tablet=&#8221;center&#8221; header_2_text_align_phone=&#8221;center&#8221; header_2_text_align_last_edited=&#8221;on|phone&#8221; header_2_font_size_tablet=&#8221;&#8221; header_2_font_size_phone=&#8221;23px&#8221; header_2_font_size_last_edited=&#8221;on|phone&#8221; global_colors_info=&#8221;{}&#8221;]<\/p>\n<h2>T\u00e1j\u00e9koztatjuk kedves v\u00e1s\u00e1rl\u00f3inkat,hogy 2024.08.12-t\u0151l 2024.08.16-ig szabads\u00e1got  tartunk.<\/h2>\n<p>[\/et_pb_text][\/et_pb_column][\/et_pb_row][et_pb_row _builder_version=&#8221;4.16&#8243; global_colors_info=&#8221;{}&#8221;][et_pb_column type=&#8221;4_4&#8243; _builder_version=&#8221;4.16&#8243; global_colors_info=&#8221;{}&#8221;][et_pb_text _builder_version=&#8221;4.16&#8243; text_orientation=&#8221;center&#8221; header_2_text_align_tablet=&#8221;center&#8221; header_2_text_align_phone=&#8221;center&#8221; header_2_text_align_last_edited=&#8221;on|phone&#8221; header_2_font_size_tablet=&#8221;&#8221; header_2_font_size_phone=&#8221;23px&#8221; header_2_font_size_last_edited=&#8221;on|phone&#8221; global_colors_info=&#8221;{}&#8221;]<\/p>\n<h2>Ablakot vagy ajt\u00f3t keres kedvez\u0151 \u00e1ron? N\u00e1lunk megtal\u00e1lja!<\/h2>\n<p>[\/et_pb_text][\/et_pb_column][\/et_pb_row][et_pb_row column_structure=&#8221;1_3,1_3,1_3&#8243; make_equal=&#8221;on&#8221; _builder_version=&#8221;4.16&#8243; custom_margin=&#8221;||||false|false&#8221; custom_padding=&#8221;||||false|false&#8221; global_colors_info=&#8221;{}&#8221;][et_pb_column type=&#8221;1_3&#8243; _builder_version=&#8221;4.16&#8243; background_color=&#8221;#0b67b7&#8243; global_colors_info=&#8221;{}&#8221;][et_pb_text _builder_version=&#8221;4.16&#8243; text_text_color=&#8221;#ffffff&#8221; link_font=&#8221;||||on||||&#8221; link_text_color=&#8221;#ffffff&#8221; header_3_font=&#8221;|600|||||||&#8221; header_3_text_align=&#8221;center&#8221; header_3_text_color=&#8221;#ffffff&#8221; text_orientation=&#8221;center&#8221; custom_margin=&#8221;30px|10px|30px|10px|true|true&#8221; text_orientation_tablet=&#8221;center&#8221; text_orientation_phone=&#8221;&#8221; text_orientation_last_edited=&#8221;on|desktop&#8221; global_colors_info=&#8221;{}&#8221;]<\/p>\n<h3>Ablakok<\/h3>\n<p><a href=\"\/hu\/termek-kategoriak\/hasznalt-ablakok\">Haszn\u00e1lt ablakok<br \/> <\/a><a href=\"\/hu\/termek-kategoriak\/uj-ablakok\">\u00daj ablakok<br \/> <\/a><\/p>\n<p>[\/et_pb_text][\/et_pb_column][et_pb_column type=&#8221;1_3&#8243; _builder_version=&#8221;4.16&#8243; background_color=&#8221;#0b67b7&#8243; global_colors_info=&#8221;{}&#8221; custom_padding__hover_enabled=&#8221;on|desktop&#8221;][et_pb_text _builder_version=&#8221;4.16&#8243; text_text_color=&#8221;#ffffff&#8221; link_font=&#8221;||||on||||&#8221; link_text_color=&#8221;#ffffff&#8221; header_3_font=&#8221;|600|||||||&#8221; header_3_text_align=&#8221;center&#8221; header_3_text_color=&#8221;#ffffff&#8221; text_orientation=&#8221;center&#8221; custom_margin=&#8221;30px|10px|30px|10px|true|true&#8221; global_colors_info=&#8221;{}&#8221;]<\/p>\n<h3>Erk\u00e9lyajt\u00f3k \u00e9s teraszajt\u00f3k<\/h3>\n<p><a href=\"\/hu\/termek-kategoriak\/hasznalt-erkelyajtok-es-teraszajtok\">Haszn\u00e1lt erk\u00e9lyajt\u00f3k \u00e9s teraszajt\u00f3k<br \/><\/a><a href=\"\/hu\/termek-kategoriak\/uj-erkelyajtok-es-teraszajtok\">\u00daj erk\u00e9lyajt\u00f3k \u00e9s teraszajt\u00f3k<br \/> <\/a><\/p>\n<p>[\/et_pb_text][\/et_pb_column][et_pb_column type=&#8221;1_3&#8243; _builder_version=&#8221;4.16&#8243; background_color=&#8221;#0b67b7&#8243; global_colors_info=&#8221;{}&#8221;][et_pb_text _builder_version=&#8221;4.16&#8243; text_text_color=&#8221;#ffffff&#8221; link_font=&#8221;||||on||||&#8221; link_text_color=&#8221;#ffffff&#8221; header_3_font=&#8221;|600|||||||&#8221; header_3_text_align=&#8221;center&#8221; header_3_text_color=&#8221;#ffffff&#8221; text_orientation=&#8221;center&#8221; custom_margin=&#8221;30px|10px|30px|10px|true|true&#8221; global_colors_info=&#8221;{}&#8221;]<\/p>\n<h3>Bej\u00e1rati ajt\u00f3k<\/h3>\n<p><a href=\"\/hu\/termek-kategoriak\/hasznalt-bejarati-ajtok\">Haszn\u00e1lt bej\u00e1rati ajt\u00f3k<br \/><\/a><a href=\"\/hu\/termek-kategoriak\/uj-bejarati-ajtok\">\u00daj bej\u00e1rati ajt\u00f3k<br \/> <\/a><\/p>\n<p>[\/et_pb_text][\/et_pb_column][\/et_pb_row][et_pb_row _builder_version=&#8221;4.16&#8243; global_colors_info=&#8221;{}&#8221;][et_pb_column type=&#8221;4_4&#8243; _builder_version=&#8221;4.16&#8243; global_colors_info=&#8221;{}&#8221;][et_pb_text _builder_version=&#8221;4.16&#8243; header_2_font_size=&#8221;25px&#8221; text_orientation=&#8221;center&#8221; global_colors_info=&#8221;{}&#8221;]<\/p>\n<h2>\u00dajdons\u00e1gok<\/h2>\n<p>[\/et_pb_text][\/et_pb_column][\/et_pb_row][et_pb_row _builder_version=&#8221;4.16&#8243; global_colors_info=&#8221;{}&#8221;][et_pb_column type=&#8221;4_4&#8243; _builder_version=&#8221;4.16&#8243; global_colors_info=&#8221;{}&#8221;][et_pb_shop type=&#8221;latest&#8221; posts_number=&#8221;4&#8243; _builder_version=&#8221;4.16&#8243; title_text_align=&#8221;center&#8221; price_text_align=&#8221;center&#8221; global_colors_info=&#8221;{}&#8221;][\/et_pb_shop][et_pb_button button_url=&#8221;@ET-DC@eyJkeW5hbWljIjp0cnVlLCJjb250ZW50IjoicG9zdF9saW5rX3VybF9wYWdlIiwic2V0dGluZ3MiOnsicG9zdF9pZCI6IjI2MiJ9fQ==@&#8221; button_text=&#8221;\u00d6sszes term\u00e9k\u00fcnk&#8221; button_alignment=&#8221;center&#8221; _builder_version=&#8221;4.16&#8243; _dynamic_attributes=&#8221;button_url&#8221; custom_button=&#8221;on&#8221; button_text_color=&#8221;#ffffff&#8221; button_bg_color=&#8221;#0b67b7&#8243; global_colors_info=&#8221;{}&#8221;][\/et_pb_button][\/et_pb_column][\/et_pb_row][et_pb_row column_structure=&#8221;1_4,1_4,1_4,1_4&#8243; _builder_version=&#8221;4.16&#8243; global_colors_info=&#8221;{}&#8221;][et_pb_column type=&#8221;1_4&#8243; _builder_version=&#8221;4.16&#8243; global_colors_info=&#8221;{}&#8221;][et_pb_blurb title=&#8221;Minden rakt\u00e1ron&#8221; use_icon=&#8221;on&#8221; font_icon=&#8221;&#xe009;||divi||400&#8243; icon_color=&#8221;#0b67b7&#8243; image_icon_width=&#8221;35px&#8221; _builder_version=&#8221;4.16&#8243; header_font=&#8221;|600|||||||&#8221; header_text_align=&#8221;center&#8221; header_text_color=&#8221;#0b67b7&#8243; body_text_align=&#8221;center&#8221; icon_font_size=&#8221;35px&#8221; global_colors_info=&#8221;{}&#8221;]Rakt\u00e1rk\u00e9szletr\u0151l azonnal elvihet\u0151ek.[\/et_pb_blurb][\/et_pb_column][et_pb_column type=&#8221;1_4&#8243; _builder_version=&#8221;4.16&#8243; global_colors_info=&#8221;{}&#8221;][et_pb_blurb title=&#8221;H\u00e1zhozsz\u00e1ll\u00edt\u00e1ssal&#8221; use_icon=&#8221;on&#8221; font_icon=&#8221;&#xe020;||divi||400&#8243; icon_color=&#8221;#0b67b7&#8243; image_icon_width=&#8221;35px&#8221; _builder_version=&#8221;4.16&#8243; header_font=&#8221;|600|||||||&#8221; header_text_align=&#8221;center&#8221; header_text_color=&#8221;#0b67b7&#8243; body_text_align=&#8221;center&#8221; icon_font_size=&#8221;35px&#8221; global_colors_info=&#8221;{}&#8221;]<\/p>\n<p>Minden term\u00e9k ak\u00e1r h\u00e1zhoz is sz\u00e1ll\u00edthat\u00f3<\/p>\n<p>[\/et_pb_blurb][\/et_pb_column][et_pb_column type=&#8221;1_4&#8243; _builder_version=&#8221;4.16&#8243; global_colors_info=&#8221;{}&#8221;][et_pb_blurb title=&#8221;P\u00e1rk\u00e1nyok m\u00e9retre&#8221; use_icon=&#8221;on&#8221; font_icon=&#8221;&#xe612;||divi||400&#8243; icon_color=&#8221;#0b67b7&#8243; image_icon_width=&#8221;35px&#8221; _builder_version=&#8221;4.16&#8243; header_font=&#8221;|600|||||||&#8221; header_text_align=&#8221;center&#8221; header_text_color=&#8221;#0b67b7&#8243; body_text_align=&#8221;center&#8221; icon_font_size=&#8221;35px&#8221; global_colors_info=&#8221;{}&#8221;]<\/p>\n<p>P\u00e1rk\u00e1nyok m\u00e9retre &#8211; v\u00e1r\u00e1sra elk\u00e9sz\u00edtve.<\/p>\n<p>[\/et_pb_blurb][\/et_pb_column][et_pb_column type=&#8221;1_4&#8243; _builder_version=&#8221;4.16&#8243; global_colors_info=&#8221;{}&#8221;][et_pb_blurb title=&#8221;Sz\u00fanyogh\u00e1l\u00f3k&#8221; use_icon=&#8221;on&#8221; font_icon=&#8221;&#xe08d;||divi||400&#8243; icon_color=&#8221;#0b67b7&#8243; image_icon_width=&#8221;35px&#8221; _builder_version=&#8221;4.16&#8243; header_font=&#8221;|600|||||||&#8221; header_text_align=&#8221;center&#8221; header_text_color=&#8221;#0b67b7&#8243; body_text_align=&#8221;center&#8221; icon_font_size=&#8221;35px&#8221; global_colors_info=&#8221;{}&#8221;]Sz\u00fanyogh\u00e1l\u00f3k v\u00e1rasra elk\u00e9sz\u00edtve.[\/et_pb_blurb][\/et_pb_column][\/et_pb_row][\/et_pb_section][et_pb_section fb_built=&#8221;1&#8243; _builder_version=&#8221;4.16&#8243; background_color=&#8221;#0b67b7&#8243; custom_padding=&#8221;||32px|||&#8221; saved_tabs=&#8221;all&#8221; global_colors_info=&#8221;{}&#8221;][et_pb_row column_structure=&#8221;1_2,1_2&#8243; _builder_version=&#8221;4.16&#8243; locked=&#8221;off&#8221; global_colors_info=&#8221;{}&#8221;][et_pb_column type=&#8221;1_2&#8243; _builder_version=&#8221;4.16&#8243; global_colors_info=&#8221;{}&#8221;][et_pb_text _builder_version=&#8221;4.16&#8243; text_text_color=&#8221;#ffffff&#8221; text_orientation_tablet=&#8221;center&#8221; text_orientation_phone=&#8221;&#8221; text_orientation_last_edited=&#8221;on|phone&#8221; global_colors_info=&#8221;{}&#8221;]FIERNO s.r.o.<br \/>\nMoyzesova 11<br \/>\nFi\u013eakovo 98601<br \/>\nI\u010cO: 48280640<br \/>\nDI\u010c: 2120115107<br \/>\nI\u010c DPH: SK2120115107[\/et_pb_text][\/et_pb_column][et_pb_column type=&#8221;1_2&#8243; _builder_version=&#8221;4.16&#8243; global_colors_info=&#8221;{}&#8221;][et_pb_text _builder_version=&#8221;4.16&#8243; text_text_color=&#8221;#ffffff&#8221; global_colors_info=&#8221;{}&#8221;]Telephely\u00fcnk:<br \/>\nTeheln\u00e1 5\/A<br \/>\nFi\u013eakovo[\/et_pb_text][et_pb_blurb use_icon=&#8221;on&#8221; font_icon=&#8221;&#xe090;||divi||400&#8243; icon_color=&#8221;#ffffff&#8221; icon_placement=&#8221;left&#8221; image_icon_width=&#8221;21px&#8221; _builder_version=&#8221;4.16&#8243; body_text_color=&#8221;#ffffff&#8221; link_option_url=&#8221;tel:+421907182570&#8243; icon_font_size=&#8221;21px&#8221; global_colors_info=&#8221;{}&#8221;]+421 907 182 570[\/et_pb_blurb][et_pb_blurb use_icon=&#8221;on&#8221; font_icon=&#8221;&#xe010;||divi||400&#8243; icon_color=&#8221;#ffffff&#8221; icon_placement=&#8221;left&#8221; image_icon_width=&#8221;21px&#8221; _builder_version=&#8221;4.16&#8243; body_text_color=&#8221;#ffffff&#8221; link_option_url=&#8221;mailto:fierno.sro@gmail.com&#8221; icon_font_size=&#8221;21px&#8221; global_colors_info=&#8221;{}&#8221;]fierno.sro@gmail.com[\/et_pb_blurb][\/et_pb_column][\/et_pb_row][\/et_pb_section]<\/p>\n","protected":false},"excerpt":{"rendered":"<p>M\u0170ANYAG ABLAKOK \u00c9S AJT\u00d3KT\u00e1j\u00e9koztatjuk kedves v\u00e1s\u00e1rl\u00f3inkat,hogy 2024.08.12-t\u0151l 2024.08.16-ig szabads\u00e1got tartunk.Ablakot vagy ajt\u00f3t keres kedvez\u0151 \u00e1ron? N\u00e1lunk megtal\u00e1lja!Ablakok Haszn\u00e1lt ablakok \u00daj ablakok Erk\u00e9lyajt\u00f3k \u00e9s teraszajt\u00f3k Haszn\u00e1lt erk\u00e9lyajt\u00f3k \u00e9s teraszajt\u00f3k\u00daj erk\u00e9lyajt\u00f3k \u00e9s teraszajt\u00f3k Bej\u00e1rati ajt\u00f3k Haszn\u00e1lt bej\u00e1rati ajt\u00f3k\u00daj bej\u00e1rati ajt\u00f3k \u00dajdons\u00e1gokRakt\u00e1rk\u00e9szletr\u0151l azonnal elvihet\u0151ek.Minden term\u00e9k ak\u00e1r h\u00e1zhoz is sz\u00e1ll\u00edthat\u00f3P\u00e1rk\u00e1nyok m\u00e9retre &#8211; v\u00e1r\u00e1sra elk\u00e9sz\u00edtve.Sz\u00fanyogh\u00e1l\u00f3k v\u00e1rasra elk\u00e9sz\u00edtve.FIERNO s.r.o. Moyzesova 11 [&hellip;]<\/p>\n","protected":false},"author":3,"featured_media":400,"parent":0,"menu_order":0,"comment_status":"closed","ping_status":"closed","template":"","meta":{"_et_pb_use_builder":"on","_et_pb_old_content":"","_et_gb_content_width":"","footnotes":""},"class_list":["post-409","page","type-page","status-publish","has-post-thumbnail","hentry"],"_links":{"self":[{"href":"https:\/\/www.oknadverelacno.sk\/hu\/wp-json\/wp\/v2\/pages\/409","targetHints":{"allow":["GET"]}}],"collection":[{"href":"https:\/\/www.oknadverelacno.sk\/hu\/wp-json\/wp\/v2\/pages"}],"about":[{"href":"https:\/\/www.oknadverelacno.sk\/hu\/wp-json\/wp\/v2\/types\/page"}],"author":[{"embeddable":true,"href":"https:\/\/www.oknadverelacno.sk\/hu\/wp-json\/wp\/v2\/users\/3"}],"replies":[{"embeddable":true,"href":"https:\/\/www.oknadverelacno.sk\/hu\/wp-json\/wp\/v2\/comments?post=409"}],"version-history":[{"count":24,"href":"https:\/\/www.oknadverelacno.sk\/hu\/wp-json\/wp\/v2\/pages\/409\/revisions"}],"predecessor-version":[{"id":3569,"href":"https:\/\/www.oknadverelacno.sk\/hu\/wp-json\/wp\/v2\/pages\/409\/revisions\/3569"}],"wp:featuredmedia":[{"embeddable":true,"href":"https:\/\/www.oknadverelacno.sk\/hu\/wp-json\/wp\/v2\/media\/400"}],"wp:attachment":[{"href":"https:\/\/www.oknadverelacno.sk\/hu\/wp-json\/wp\/v2\/media?parent=409"}],"curies":[{"name":"wp","href":"https:\/\/api.w.org\/{rel}","templated":true}]}}